{"id":1140,"date":"2023-06-21T11:29:38","date_gmt":"2023-06-21T11:29:38","guid":{"rendered":"https:\/\/cryptorxindex.com\/about-us\/"},"modified":"2026-05-08T20:10:04","modified_gmt":"2026-05-08T20:10:04","slug":"about-us","status":"publish","type":"page","link":"https:\/\/cryptorxindex.com\/cs\/about-us\/","title":{"rendered":"O [XYZ]"},"content":{"rendered":"<p>Crypto RX Index je technologicky vysp\u011bl\u00e1 platforma pro obchodov\u00e1n\u00ed s kryptom\u011bnami, kterou vytvo\u0159il t\u00fdm blockchainov\u00fdch v\u00fdvoj\u00e1\u0159\u016f, tr\u017en\u00edch analytik\u016f a specialist\u016f z\u00e1kaznick\u00e9 podpory. Jej\u00edm c\u00edlem je zjednodu\u0161it zp\u016fsob, jak\u00fdm u\u017eivatel\u00e9 vstupuj\u00ed na trhy s digit\u00e1ln\u00edmi aktivy.<\/p>\n<p>Na\u0161\u00edm posl\u00e1n\u00edm je u\u010dinit obchodov\u00e1n\u00ed s kryptom\u011bnami strukturovan\u011bj\u0161\u00edm, dostupn\u011bj\u0161\u00edm a snadn\u011bji spravovateln\u00fdm d\u00edky automatizaci a n\u00e1stroj\u016fm zalo\u017een\u00fdm na datech.<\/p>\n<h2>Na\u0161e vize<\/h2>\n<p>Crypto RX Index byl zalo\u017een skupinou zap\u00e1len\u00fdch obchodn\u00edk\u016f, podnikatel\u016f, zast\u00e1nc\u016f blockchainu a finan\u010dn\u00edch profesion\u00e1l\u016f, kte\u0159\u00ed si v\u0161imli z\u00e1sadn\u00ed mezery: chyb\u011blo jasn\u00e9 a prakticky vyu\u017eiteln\u00e9 vzd\u011bl\u00e1v\u00e1n\u00ed pro obchodn\u00edky s kryptom\u011bnami. D\u00edky desetilet\u00fdm zku\u0161enostem v oblasti obchodov\u00e1n\u00ed, financ\u00ed a vzd\u011bl\u00e1v\u00e1n\u00ed jsme vybudovali Crypto RX Index jako intuitivn\u00ed, bezpe\u010dnou platformu s d\u016frazem na vzd\u011bl\u00e1v\u00e1n\u00ed. Na\u0161\u00edm c\u00edlem je zp\u0159ehlednit obchodov\u00e1n\u00ed a poskytnout u\u017eivatel\u016fm sebev\u011bdom\u00ed k tomu, aby mohli \u010dinit chyt\u0159ej\u0161\u00ed rozhodnut\u00ed na trhu.<\/p>\n<h2>Za\u010d\u00e1tky kryptom\u011bn<\/h2>\n<p>P\u0159\u00edb\u011bh kryptom\u011bn za\u010d\u00edn\u00e1 Bitcoinem, kter\u00fd v roce 2009 uvedl na trh z\u00e1hadn\u00fd Satoshi Nakamoto. Bitcoin byl navr\u017een jako decentralizovan\u00e1, peer-to-peer digit\u00e1ln\u00ed m\u011bna a p\u0159edstavil novou \u00e9ru finan\u010dn\u00ed nez\u00e1vislosti, transparentnosti a bezpe\u010dnosti. Vytvo\u0159il z\u00e1klady pro dnes ji\u017e rozs\u00e1hl\u00fd ekosyst\u00e9m aktiv poh\u00e1n\u011bn\u00fdch blockchainem.<\/p>\n<p>S postupem \u010dasu se objevily dal\u0161\u00ed kryptom\u011bny \u2013 Ethereum zavedlo chytr\u00e9 kontrakty a decentralizovan\u00e9 aplikace (dApps), zat\u00edmco altcoiny jako Litecoin, Ripple (XRP) nebo Cardano roz\u0161\u00ed\u0159ily hranice mo\u017enost\u00ed blockchainu. Tato bohat\u00e1 evoluce je zdrojem p\u0159\u00edle\u017eitost\u00ed, kter\u00e9 dnes pom\u00e1h\u00e1me obchodn\u00edk\u016fm objevovat.<\/p>\n<h2>Vzd\u011bl\u00e1vac\u00ed zdroje pro maxim\u00e1ln\u00ed rozvoj va\u0161eho potenci\u00e1lu<\/h2>\n<p>Vzd\u011bl\u00e1v\u00e1n\u00ed je z\u00e1kladem Crypto RX Index. V\u011b\u0159\u00edme, \u017ee znalosti jsou nejcenn\u011bj\u0161\u00edm obchodn\u00edm n\u00e1strojem, proto jsme vytvo\u0159ili komplexn\u00ed knihovnu s p\u0159ehledn\u011b strukturovan\u00fdmi a snadno pochopiteln\u00fdmi moduly, kter\u00e9 v\u00e1s provedou ka\u017ed\u00fdm krokem va\u0161\u00ed obchodn\u00ed cesty:<\/p>\n<p><strong>Z\u00e1klady kryptom\u011bn:<\/strong> Pochopte principy blockchainu, tokeny a z\u00e1kladn\u00ed fungov\u00e1n\u00ed kryptom\u011bn.<\/p>\n<p><strong>Technick\u00e1 anal\u00fdza:<\/strong> Nau\u010dte se analyzovat cenov\u00e9 grafy, rozpozn\u00e1vat vzorce a pou\u017e\u00edvat indik\u00e1tory pro lep\u0161\u00ed rozhodov\u00e1n\u00ed p\u0159i obchodov\u00e1n\u00ed.<\/p>\n<p><strong>Obchodn\u00ed strategie:<\/strong> Poznejte ov\u011b\u0159en\u00e9 p\u0159\u00edstupy pro efektivn\u00ed orientaci na trhu s kryptom\u011bnami.<\/p>\n<p><strong>\u0158\u00edzen\u00ed rizik:<\/strong> Chra\u0148te sv\u016fj kapit\u00e1l strategiemi pro zvl\u00e1d\u00e1n\u00ed volatility a nejistoty.<\/p>\n<p>Tyto moduly pom\u00e1haj\u00ed za\u010d\u00e1te\u010dn\u00edk\u016fm vybudovat pevn\u00e9 z\u00e1klady a zku\u0161en\u00fdm obchodn\u00edk\u016fm zdokonalovat sv\u00e9 dovednosti.<\/p>\n<h2>S\u00edla komunity<\/h2>\n<p>V Crypto RX Index v\u011b\u0159\u00edme, \u017ee r\u016fst je rychlej\u0161\u00ed, kdy\u017e prob\u00edh\u00e1 spole\u010dn\u011b. Proto jsme vybudovali aktivn\u00ed obchodn\u00ed komunitu, kde \u010dlenov\u00e9 sd\u00edlej\u00ed strategie, vym\u011b\u0148uj\u00ed si n\u00e1pady a vz\u00e1jemn\u011b se podporuj\u00ed. N\u00e1\u0161 t\u00fdm odborn\u00edk\u016f je v komunit\u011b tak\u00e9 p\u0159\u00edtomen \u2013 zodpov\u00edd\u00e1 dotazy, nab\u00edz\u00ed sv\u00e9 post\u0159ehy a prov\u00e1z\u00ed obchodn\u00edky v\u0161emi f\u00e1zemi jejich cesty.<\/p>\n<h2>Vytvo\u0159te si v\u00edt\u011bznou strategii<\/h2>\n<p>Nez\u00e1le\u017e\u00ed jen na tom, co v\u00edte, ale tak\u00e9 na tom, jak sv\u00e9 znalosti vyu\u017eijete. Crypto RX Index v\u00e1m pom\u016f\u017ee p\u0159ev\u00e9st va\u0161e v\u011bdomosti o obchodov\u00e1n\u00ed do praxe pomoc\u00ed re\u00e1ln\u00fdch n\u00e1stroj\u016f, aktu\u00e1ln\u00edch informac\u00ed a praktick\u00fdch zdroj\u016f. Jak to funguje:<\/p>\n<p><strong>Z\u016fsta\u0148te v obraze:<\/strong> Z\u00edskejte nejnov\u011bj\u0161\u00ed tr\u017en\u00ed anal\u00fdzy a aktu\u00e1ln\u00ed zpr\u00e1vy ze sv\u011bta kryptom\u011bn.<\/p>\n<p><strong>\u0158i\u010fte riziko:<\/strong> Nau\u010dte se vyva\u017eovat potenci\u00e1ln\u00ed zisky s promy\u0161len\u00fdmi a vypo\u010d\u00edtan\u00fdmi riziky.<\/p>\n<p><strong>Diverzifikujte sv\u00e9 portfolio:<\/strong> Rozlo\u017ete sv\u00e9 investice mezi v\u00edce kryptom\u011bn.<\/p>\n<p><strong>Objevujte pokro\u010dil\u00e9 techniky:<\/strong> Z\u00edskejte p\u0159\u00edstup k n\u00e1vod\u016fm na pokro\u010dil\u00e1 obchodn\u00ed nastaven\u00ed, strategie a n\u00e1stroje.<\/p>\n<p>Pom\u016f\u017eeme v\u00e1m p\u0159izp\u016fsobit se zm\u011bn\u00e1m na trhu a udr\u017eet va\u0161i strategii st\u00e1le aktu\u00e1ln\u00ed.<\/p>\n<h2>Za\u010dn\u011bte svou obchodn\u00ed cestu je\u0161t\u011b dnes<\/h2>\n<p>\u00dasp\u011bch v kryptom\u011bn\u00e1ch nen\u00ed o \u0161t\u011bst\u00ed, ale o neust\u00e1l\u00e9m vzd\u011bl\u00e1v\u00e1n\u00ed, aktivn\u00edm pou\u017e\u00edv\u00e1n\u00ed znalost\u00ed a schopnosti se p\u0159izp\u016fsobit. V Crypto RX Index v\u00e1m od prvn\u00edho dne poskytujeme pot\u0159ebn\u00e9 informace, n\u00e1stroje a podporu. P\u0159idejte se k n\u00e1m a vykro\u010dte vst\u0159\u00edc chyt\u0159ej\u0161\u00edmu a sebev\u011bdom\u011bj\u0161\u00edmu obchodov\u00e1n\u00ed.<\/p>\n","protected":false},"excerpt":{"rendered":"<p>Crypto RX Index je technologicky vysp\u011bl\u00e1 platforma pro obchodov\u00e1n\u00ed s kryptom\u011bnami, kterou vytvo\u0159il t\u00fdm blockchainov\u00fdch v\u00fdvoj\u00e1\u0159\u016f, tr\u017en\u00edch analytik\u016f a specialist\u016f z\u00e1kaznick\u00e9 podpory. Jej\u00edm c\u00edlem je zjednodu\u0161it zp\u016fsob, jak\u00fdm u\u017eivatel\u00e9 vstupuj\u00ed na trhy s digit\u00e1ln\u00edmi aktivy. Na\u0161\u00edm posl\u00e1n\u00edm je u\u010dinit obchodov\u00e1n\u00ed s kryptom\u011bnami strukturovan\u011bj\u0161\u00edm, dostupn\u011bj\u0161\u00edm a snadn\u011bji spravovateln\u00fdm d\u00edky automatizaci a n\u00e1stroj\u016fm zalo\u017een\u00fdm na datech. Na\u0161e [&hellip;]<\/p>\n","protected":false},"author":2,"featured_media":0,"parent":0,"menu_order":0,"comment_status":"closed","ping_status":"closed","template":"page-about.php","meta":{"footnotes":""},"class_list":["post-1140","page","type-page","status-publish","hentry"],"yoast_head":"<!-- This site is optimized with the Yoast SEO plugin v25.6 - https:\/\/yoast.com\/wordpress\/plugins\/seo\/ -->\n<title>Crypto RX Index \u2122 | Offici\u00eble website 2026 | Claim nu!<\/title>\n<meta name=\"robots\" content=\"index, follow, max-snippet:-1, max-image-preview:large, max-video-preview:-1\" \/>\n<meta property=\"og:locale\" content=\"cs_CZ\" \/>\n<meta property=\"og:site_name\" content=\"Crypto RX Index\" \/>\n<meta property=\"article:modified_time\" content=\"2026-05-08T20:10:04+00:00\" \/>\n<meta name=\"twitter:card\" content=\"summary_large_image\" \/>\n<meta name=\"twitter:label1\" content=\"Odhadovan\u00e1 doba \u010dten\u00ed\" \/>\n\t<meta name=\"twitter:data1\" content=\"4 minuty\" \/>\n<!-- \/ Yoast SEO plugin. -->","yoast_head_json":{"title":"Crypto RX Index \u2122 | Offici\u00eble website 2026 | Claim nu!","robots":{"index":"index","follow":"follow","max-snippet":"max-snippet:-1","max-image-preview":"max-image-preview:large","max-video-preview":"max-video-preview:-1"},"og_locale":"cs_CZ","og_site_name":"Crypto RX Index","article_modified_time":"2026-05-08T20:10:04+00:00","twitter_card":"summary_large_image","twitter_misc":{"Odhadovan\u00e1 doba \u010dten\u00ed":"4 minuty"},"schema":{"@context":"https:\/\/schema.org","@graph":[{"@type":"WebPage","@id":"https:\/\/cryptorxindex.com\/about-us\/","url":"https:\/\/cryptorxindex.com\/about-us\/","name":"O [XYZ] - Crypto RX Index","isPartOf":{"@id":"https:\/\/cryptorxindex.com\/#website"},"datePublished":"2023-06-21T11:29:38+00:00","dateModified":"2026-05-08T20:10:04+00:00","description":"Crypto RX Index is built to make crypto trading more structured and informed with education, real-time insights, and practical trading tools.","breadcrumb":{"@id":"https:\/\/cryptorxindex.com\/about-us\/#breadcrumb"},"inLanguage":"cs","potentialAction":[{"@type":"ReadAction","target":["https:\/\/cryptorxindex.com\/about-us\/"]}]},{"@type":"BreadcrumbList","@id":"https:\/\/cryptorxindex.com\/about-us\/#breadcrumb","itemListElement":[{"@type":"ListItem","position":1,"name":"Home","item":"https:\/\/cryptorxindex.com\/"},{"@type":"ListItem","position":2,"name":"O [XYZ]"}]},{"@type":"WebSite","@id":"https:\/\/cryptorxindex.com\/#website","url":"https:\/\/cryptorxindex.com\/","name":"Easy Edge Index","description":"Master Trading, Maximize Earnings [2025]","potentialAction":[{"@type":"SearchAction","target":{"@type":"EntryPoint","urlTemplate":"https:\/\/cryptorxindex.com\/?s={search_term_string}"},"query-input":{"@type":"PropertyValueSpecification","valueRequired":true,"valueName":"search_term_string"}}],"inLanguage":"cs"}]}},"_links":{"self":[{"href":"https:\/\/cryptorxindex.com\/cs\/wp-json\/wp\/v2\/pages\/1140","targetHints":{"allow":["GET"]}}],"collection":[{"href":"https:\/\/cryptorxindex.com\/cs\/wp-json\/wp\/v2\/pages"}],"about":[{"href":"https:\/\/cryptorxindex.com\/cs\/wp-json\/wp\/v2\/types\/page"}],"author":[{"embeddable":true,"href":"https:\/\/cryptorxindex.com\/cs\/wp-json\/wp\/v2\/users\/2"}],"replies":[{"embeddable":true,"href":"https:\/\/cryptorxindex.com\/cs\/wp-json\/wp\/v2\/comments?post=1140"}],"version-history":[{"count":1,"href":"https:\/\/cryptorxindex.com\/cs\/wp-json\/wp\/v2\/pages\/1140\/revisions"}],"predecessor-version":[{"id":1160,"href":"https:\/\/cryptorxindex.com\/cs\/wp-json\/wp\/v2\/pages\/1140\/revisions\/1160"}],"wp:attachment":[{"href":"https:\/\/cryptorxindex.com\/cs\/wp-json\/wp\/v2\/media?parent=1140"}],"curies":[{"name":"wp","href":"https:\/\/api.w.org\/{rel}","templated":true}]}}