{"id":1164,"date":"2023-06-21T11:29:38","date_gmt":"2023-06-21T11:29:38","guid":{"rendered":"https:\/\/cryptorxindex.com\/contact-us\/"},"modified":"2026-05-08T20:15:25","modified_gmt":"2026-05-08T20:15:25","slug":"contact-us","status":"publish","type":"page","link":"https:\/\/cryptorxindex.com\/cs\/contact-us\/","title":{"rendered":""},"content":{"rendered":"<h1>Kontaktujte Crypto RX Index<\/h1>\n<p>Pot\u0159ebujete pomoc nebo m\u00e1te ot\u00e1zky? N\u00e1\u0161 t\u00fdm je p\u0159ipraven v\u00e1m pomoci. Zde n\u00e1s m\u016f\u017eete kontaktovat:<br \/>\nKontaktn\u00ed informace<br \/>\nObchodn\u00ed z\u00e1le\u017eitosti:<br \/>\nPro partnerstv\u00ed, medi\u00e1ln\u00ed dotazy nebo jin\u00e9 obchodn\u00ed z\u00e1le\u017eitosti:<br \/>\nbusiness@cryptorxindex.com<br \/>\nZ\u00e1kaznick\u00e1 podpora:<br \/>\nPro jakoukoli pomoc nebo obecn\u00e9 dotazy:<br \/>\nsupport@cryptorxindex.com<\/p>\n","protected":false},"excerpt":{"rendered":"<p>Kontaktujte Crypto RX Index Pot\u0159ebujete pomoc nebo m\u00e1te ot\u00e1zky? N\u00e1\u0161 t\u00fdm je p\u0159ipraven v\u00e1m pomoci. Zde n\u00e1s m\u016f\u017eete kontaktovat: Kontaktn\u00ed informace Obchodn\u00ed z\u00e1le\u017eitosti: Pro partnerstv\u00ed, medi\u00e1ln\u00ed dotazy nebo jin\u00e9 obchodn\u00ed z\u00e1le\u017eitosti: business@cryptorxindex.com Z\u00e1kaznick\u00e1 podpora: Pro jakoukoli pomoc nebo obecn\u00e9 dotazy: support@cryptorxindex.com<\/p>\n","protected":false},"author":2,"featured_media":0,"parent":0,"menu_order":0,"comment_status":"closed","ping_status":"closed","template":"page-contact.php","meta":{"footnotes":""},"class_list":["post-1164","page","type-page","status-publish","hentry"],"yoast_head":"<!-- This site is optimized with the Yoast SEO plugin v25.6 - https:\/\/yoast.com\/wordpress\/plugins\/seo\/ -->\n<title>Crypto RX Index \u2122 | Offici\u00eble website 2026 | Claim nu!<\/title>\n<meta name=\"robots\" content=\"noindex, follow\" \/>\n<meta property=\"og:locale\" content=\"cs_CZ\" \/>\n<meta property=\"og:site_name\" content=\"Crypto RX Index\" \/>\n<meta property=\"article:modified_time\" content=\"2026-05-08T20:15:25+00:00\" \/>\n<meta name=\"twitter:card\" content=\"summary_large_image\" \/>\n<meta name=\"twitter:label1\" content=\"Odhadovan\u00e1 doba \u010dten\u00ed\" \/>\n\t<meta name=\"twitter:data1\" content=\"1 minuta\" \/>\n<!-- \/ Yoast SEO plugin. -->","yoast_head_json":{"title":"Crypto RX Index \u2122 | Offici\u00eble website 2026 | Claim nu!","robots":{"index":"noindex","follow":"follow"},"og_locale":"cs_CZ","og_site_name":"Crypto RX Index","article_modified_time":"2026-05-08T20:15:25+00:00","twitter_card":"summary_large_image","twitter_misc":{"Odhadovan\u00e1 doba \u010dten\u00ed":"1 minuta"},"schema":{"@context":"https:\/\/schema.org","@graph":[{"@type":"WebPage","@id":"https:\/\/cryptorxindex.com\/cs\/contact-us\/","url":"https:\/\/cryptorxindex.com\/cs\/contact-us\/","name":"- Crypto RX Index","isPartOf":{"@id":"https:\/\/cryptorxindex.com\/#website"},"datePublished":"2023-06-21T11:29:38+00:00","dateModified":"2026-05-08T20:15:25+00:00","description":"Get in touch with Crypto RX Index for customer support, business inquiries, or platform assistance. Our team is ready to help you.","inLanguage":"cs","potentialAction":[{"@type":"ReadAction","target":["https:\/\/cryptorxindex.com\/cs\/contact-us\/"]}]},{"@type":"WebSite","@id":"https:\/\/cryptorxindex.com\/#website","url":"https:\/\/cryptorxindex.com\/","name":"Easy Edge Index","description":"Master Trading, Maximize Earnings [2025]","potentialAction":[{"@type":"SearchAction","target":{"@type":"EntryPoint","urlTemplate":"https:\/\/cryptorxindex.com\/?s={search_term_string}"},"query-input":{"@type":"PropertyValueSpecification","valueRequired":true,"valueName":"search_term_string"}}],"inLanguage":"cs"}]}},"_links":{"self":[{"href":"https:\/\/cryptorxindex.com\/cs\/wp-json\/wp\/v2\/pages\/1164","targetHints":{"allow":["GET"]}}],"collection":[{"href":"https:\/\/cryptorxindex.com\/cs\/wp-json\/wp\/v2\/pages"}],"about":[{"href":"https:\/\/cryptorxindex.com\/cs\/wp-json\/wp\/v2\/types\/page"}],"author":[{"embeddable":true,"href":"https:\/\/cryptorxindex.com\/cs\/wp-json\/wp\/v2\/users\/2"}],"replies":[{"embeddable":true,"href":"https:\/\/cryptorxindex.com\/cs\/wp-json\/wp\/v2\/comments?post=1164"}],"version-history":[{"count":2,"href":"https:\/\/cryptorxindex.com\/cs\/wp-json\/wp\/v2\/pages\/1164\/revisions"}],"predecessor-version":[{"id":1186,"href":"https:\/\/cryptorxindex.com\/cs\/wp-json\/wp\/v2\/pages\/1164\/revisions\/1186"}],"wp:attachment":[{"href":"https:\/\/cryptorxindex.com\/cs\/wp-json\/wp\/v2\/media?parent=1164"}],"curies":[{"name":"wp","href":"https:\/\/api.w.org\/{rel}","templated":true}]}}