{"id":1141,"date":"2023-06-21T11:29:38","date_gmt":"2023-06-21T11:29:38","guid":{"rendered":"https:\/\/cryptorxindex.com\/about-us\/"},"modified":"2026-05-08T20:10:16","modified_gmt":"2026-05-08T20:10:16","slug":"about-us","status":"publish","type":"page","link":"https:\/\/cryptorxindex.com\/da\/about-us\/","title":{"rendered":"Om [XYZ]"},"content":{"rendered":"<p>Crypto RX Index er en teknologidrevet kryptohandelsplatform udviklet af et team af blockchain-udviklere, markedsanalytikere og supportspecialister, der fokuserer p\u00e5 at forenkle m\u00e5den, brugere interagerer med digitale aktivmarkeder p\u00e5.<\/p>\n<p>Vores m\u00e5l er at g\u00f8re kryptohandel mere struktureret, tilg\u00e6ngelig og lettere at administrere gennem automatisering og datadrevne v\u00e6rkt\u00f8jer.<\/p>\n<h2>Vores Vision<\/h2>\n<p>Crypto RX Index blev grundlagt af et passioneret team af tradere, iv\u00e6rks\u00e6ttere, blockchain-entusiaster og finansielle eksperter, som identificerede et hul i markedet: mangel p\u00e5 klar og handlingsorienteret undervisning til kryptohandlere. Med et \u00e5rtis samlet erfaring inden for handel, finans og uddannelse har vi udviklet Crypto RX Index til at v\u00e6re intuitiv, sikker og med st\u00e6rkt fokus p\u00e5 l\u00e6ring. Vores m\u00e5l er at g\u00f8re handel mere enkel og give brugerne tillid til at tr\u00e6ffe smartere beslutninger p\u00e5 markedet.<\/p>\n<h2>S\u00e5dan Startede Kryptovaluta<\/h2>\n<p>Historien om kryptovaluta begynder med Bitcoin, der blev lanceret i 2009 af den mystiske Satoshi Nakamoto. Bitcoin blev designet som en decentraliseret, peer-to-peer digital valuta og introducerede en ny \u00e6ra af finansiel uafh\u00e6ngighed, gennemsigtighed og sikkerhed. Dette lagde grundstenen til det brede \u00f8kosystem af blockchain-baserede aktiver, vi kender i dag.<\/p>\n<p>Med tiden kom der flere kryptovalutaer til; Ethereum introducerede smart contracts og decentraliserede applikationer (dApps), mens alternative m\u00f8nter som Litecoin, Ripple (XRP) og Cardano udvidede gr\u00e6nserne for, hvad blockchain-teknologi kunne opn\u00e5. Denne dynamiske udvikling skaber de muligheder, vi i dag hj\u00e6lper handlere med at udforske.<\/p>\n<h2>L\u00e6ringsressourcer, der Hj\u00e6lper Dig med at Udnytte Dit Potentiale<\/h2>\n<p>Uddannelse er kernen i Crypto RX Index. Vi mener, at viden er det mest v\u00e6rdifulde aktiv for en trader, derfor har vi skabt et komplet bibliotek af velstrukturerede, letforst\u00e5elige moduler, der guider dig gennem alle dele af din handelsrejse:<\/p>\n<p><strong>Krypto-grundl\u00e6ggende:<\/strong> Forst\u00e5 blockchain-teknologi, tokens og hvordan kryptovaluta fungerer.<\/p>\n<p><strong>Teknisk Analyse:<\/strong> L\u00e6r at l\u00e6se markedsgrafer, identificere m\u00f8nstre og bruge indikatorer til at styre dine handler.<\/p>\n<p><strong>Handelsstrategier:<\/strong> Opdag gennempr\u00f8vede metoder til effektivt at navigere kryptomarkedet.<\/p>\n<p><strong>Risikostyring:<\/strong> Beskyt din kapital med strategier til h\u00e5ndtering af volatilitet og usikkerhed.<\/p>\n<p>Disse moduler hj\u00e6lper begyndere med at skabe et solidt fundament og giver erfarne handlere mulighed for at finpudse deres f\u00e6rdigheder.<\/p>\n<h2>F\u00e6llesskabets Styrke<\/h2>\n<p>Hos Crypto RX Index ved vi, at udvikling sker hurtigere i f\u00e6llesskab. Derfor har vi opbygget et st\u00e6rkt handelsf\u00e6llesskab, hvor medlemmer deler strategier, udveksler id\u00e9er og st\u00f8tter hinanden. Vores ekspertteam er aktivt til stede i f\u00e6llesskabet, besvarer sp\u00f8rgsm\u00e5l, deler indsigter og vejleder handlere gennem alle faser af deres rejse.<\/p>\n<h2>Skab Din Vindende Strategi<\/h2>\n<p>Det handler ikke kun om, hvad du ved, men hvordan du bruger din viden. Crypto RX Index hj\u00e6lper dig med at oms\u00e6tte din handelsviden til handling med praktiske v\u00e6rkt\u00f8jer, hurtige opdateringer og anvendelige ressourcer. S\u00e5dan g\u00f8r du:<\/p>\n<p><strong>Hold dig opdateret:<\/strong> F\u00e5 adgang til de nyeste markedsanalyser og aktuelle kryptonyheder.<\/p>\n<p><strong>Styr Risikoen:<\/strong> L\u00e6r at balancere potentielle gevinster med velovervejede risici.<\/p>\n<p><strong>Spred Din Portef\u00f8lje:<\/strong> Fordel dine investeringer p\u00e5 flere kryptovalutaer.<\/p>\n<p><strong>Udforsk Avancerede Teknikker:<\/strong> F\u00e5 adgang til vejledninger om avancerede handelsops\u00e6tninger, strategier og v\u00e6rkt\u00f8jer.<\/p>\n<p>Vi hj\u00e6lper dig med at tilpasse dig markedets bev\u00e6gelser og holde din strategi skarp.<\/p>\n<h2>Start Din Handelsrejse i Dag<\/h2>\n<p>Succes med krypto handler ikke om held; det handler om at l\u00e6re, anvende og udvikle sig. Hos Crypto RX Index st\u00e5r vi klar til at st\u00f8tte dig fra f\u00f8rste dag med den viden, de v\u00e6rkt\u00f8jer og den vejledning, du har brug for. Bliv en del af f\u00e6llesskabet i dag og tag f\u00f8rste skridt mod mere intelligent og selvsikker handel.<\/p>\n","protected":false},"excerpt":{"rendered":"<p>Crypto RX Index er en teknologidrevet kryptohandelsplatform udviklet af et team af blockchain-udviklere, markedsanalytikere og supportspecialister, der fokuserer p\u00e5 at forenkle m\u00e5den, brugere interagerer med digitale aktivmarkeder p\u00e5. Vores m\u00e5l er at g\u00f8re kryptohandel mere struktureret, tilg\u00e6ngelig og lettere at administrere gennem automatisering og datadrevne v\u00e6rkt\u00f8jer. Vores Vision blev grundlagt af et passioneret team af [&hellip;]<\/p>\n","protected":false},"author":2,"featured_media":0,"parent":0,"menu_order":0,"comment_status":"closed","ping_status":"closed","template":"page-about.php","meta":{"footnotes":""},"class_list":["post-1141","page","type-page","status-publish","hentry"],"yoast_head":"<!-- This site is optimized with the Yoast SEO plugin v25.6 - https:\/\/yoast.com\/wordpress\/plugins\/seo\/ -->\n<title>Crypto RX Index \u2122 | Offici\u00eble website 2026 | Claim nu!<\/title>\n<meta name=\"robots\" content=\"index, follow, max-snippet:-1, max-image-preview:large, max-video-preview:-1\" \/>\n<meta property=\"og:locale\" content=\"da_DK\" \/>\n<meta property=\"og:site_name\" content=\"Crypto RX Index\" \/>\n<meta property=\"article:modified_time\" content=\"2026-05-08T20:10:16+00:00\" \/>\n<meta name=\"twitter:card\" content=\"summary_large_image\" \/>\n<meta name=\"twitter:label1\" content=\"Estimeret l\u00e6setid\" \/>\n\t<meta name=\"twitter:data1\" content=\"3 minutter\" \/>\n<!-- \/ Yoast SEO plugin. -->","yoast_head_json":{"title":"Crypto RX Index \u2122 | Offici\u00eble website 2026 | Claim nu!","robots":{"index":"index","follow":"follow","max-snippet":"max-snippet:-1","max-image-preview":"max-image-preview:large","max-video-preview":"max-video-preview:-1"},"og_locale":"da_DK","og_site_name":"Crypto RX Index","article_modified_time":"2026-05-08T20:10:16+00:00","twitter_card":"summary_large_image","twitter_misc":{"Estimeret l\u00e6setid":"3 minutter"},"schema":{"@context":"https:\/\/schema.org","@graph":[{"@type":"WebPage","@id":"https:\/\/cryptorxindex.com\/about-us\/","url":"https:\/\/cryptorxindex.com\/about-us\/","name":"Om [XYZ] - Crypto RX Index","isPartOf":{"@id":"https:\/\/cryptorxindex.com\/#website"},"datePublished":"2023-06-21T11:29:38+00:00","dateModified":"2026-05-08T20:10:16+00:00","description":"Crypto RX Index is built to make crypto trading more structured and informed with education, real-time insights, and practical trading tools.","breadcrumb":{"@id":"https:\/\/cryptorxindex.com\/about-us\/#breadcrumb"},"inLanguage":"da-DK","potentialAction":[{"@type":"ReadAction","target":["https:\/\/cryptorxindex.com\/about-us\/"]}]},{"@type":"BreadcrumbList","@id":"https:\/\/cryptorxindex.com\/about-us\/#breadcrumb","itemListElement":[{"@type":"ListItem","position":1,"name":"Home","item":"https:\/\/cryptorxindex.com\/"},{"@type":"ListItem","position":2,"name":"Om [XYZ]"}]},{"@type":"WebSite","@id":"https:\/\/cryptorxindex.com\/#website","url":"https:\/\/cryptorxindex.com\/","name":"Easy Edge Index","description":"Master Trading, Maximize Earnings [2025]","potentialAction":[{"@type":"SearchAction","target":{"@type":"EntryPoint","urlTemplate":"https:\/\/cryptorxindex.com\/?s={search_term_string}"},"query-input":{"@type":"PropertyValueSpecification","valueRequired":true,"valueName":"search_term_string"}}],"inLanguage":"da-DK"}]}},"_links":{"self":[{"href":"https:\/\/cryptorxindex.com\/da\/wp-json\/wp\/v2\/pages\/1141","targetHints":{"allow":["GET"]}}],"collection":[{"href":"https:\/\/cryptorxindex.com\/da\/wp-json\/wp\/v2\/pages"}],"about":[{"href":"https:\/\/cryptorxindex.com\/da\/wp-json\/wp\/v2\/types\/page"}],"author":[{"embeddable":true,"href":"https:\/\/cryptorxindex.com\/da\/wp-json\/wp\/v2\/users\/2"}],"replies":[{"embeddable":true,"href":"https:\/\/cryptorxindex.com\/da\/wp-json\/wp\/v2\/comments?post=1141"}],"version-history":[{"count":1,"href":"https:\/\/cryptorxindex.com\/da\/wp-json\/wp\/v2\/pages\/1141\/revisions"}],"predecessor-version":[{"id":1161,"href":"https:\/\/cryptorxindex.com\/da\/wp-json\/wp\/v2\/pages\/1141\/revisions\/1161"}],"wp:attachment":[{"href":"https:\/\/cryptorxindex.com\/da\/wp-json\/wp\/v2\/media?parent=1141"}],"curies":[{"name":"wp","href":"https:\/\/api.w.org\/{rel}","templated":true}]}}