{"id":1143,"date":"2023-06-21T11:29:38","date_gmt":"2023-06-21T11:29:38","guid":{"rendered":"https:\/\/cryptorxindex.com\/about-us\/"},"modified":"2026-05-08T20:09:35","modified_gmt":"2026-05-08T20:09:35","slug":"about-us","status":"publish","type":"page","link":"https:\/\/cryptorxindex.com\/fr\/about-us\/","title":{"rendered":"\u00c0 propos de [XYZ]"},"content":{"rendered":"<p>Crypto RX Index est une plateforme de trading de cryptomonnaies ax\u00e9e sur la technologie, con\u00e7ue par une \u00e9quipe de d\u00e9veloppeurs blockchain, d\u2019analystes financiers et de sp\u00e9cialistes du support, tous engag\u00e9s \u00e0 simplifier l\u2019acc\u00e8s des utilisateurs aux march\u00e9s d\u2019actifs num\u00e9riques.<\/p>\n<p>Notre ambition est de rendre le trading de cryptomonnaies plus structur\u00e9, accessible et facile \u00e0 g\u00e9rer gr\u00e2ce \u00e0 l\u2019automatisation et \u00e0 des outils fond\u00e9s sur les donn\u00e9es.<\/p>\n<h2>Notre vision<\/h2>\n<p>Crypto RX Index a \u00e9t\u00e9 fond\u00e9 par une \u00e9quipe passionn\u00e9e de traders, d\u2019entrepreneurs, de partisans de la blockchain et de professionnels de la finance qui ont identifi\u00e9 une lacune\u202f: le manque de formations claires et applicables pour les traders en crypto. Forts d\u2019une d\u00e9cennie d\u2019exp\u00e9rience combin\u00e9e dans le trading, la finance et la p\u00e9dagogie, nous avons con\u00e7u Crypto RX Index pour offrir une interface intuitive, un environnement s\u00e9curis\u00e9 et une dimension \u00e9ducative essentielle. Notre objectif\u202f: simplifier l\u2019exp\u00e9rience du trading et donner \u00e0 chaque utilisateur la confiance n\u00e9cessaire pour prendre des d\u00e9cisions avis\u00e9es sur le march\u00e9.<\/p>\n<h2>Les origines de la cryptomonnaie<\/h2>\n<p>L\u2019histoire des cryptomonnaies commence avec le Bitcoin, lanc\u00e9 en 2009 par l\u2019\u00e9nigmatique Satoshi Nakamoto. Pens\u00e9 comme une monnaie num\u00e9rique d\u00e9centralis\u00e9e et de pair \u00e0 pair, le Bitcoin a inaugur\u00e9 une nouvelle \u00e8re d\u2019ind\u00e9pendance financi\u00e8re, de transparence et de s\u00e9curit\u00e9. Il a pos\u00e9 les bases d\u2019un vaste \u00e9cosyst\u00e8me d\u2019actifs propuls\u00e9s par la blockchain.<\/p>\n<p>Au fil du temps, d\u2019autres cryptomonnaies ont vu le jour\u202f: Ethereum a introduit les smart contracts et les applications d\u00e9centralis\u00e9es (dApps), tandis que des altcoins tels que Litecoin, Ripple (XRP) et Cardano ont \u00e9largi l\u2019\u00e9ventail des possibilit\u00e9s offertes par la blockchain. Cette \u00e9volution dynamique nourrit aujourd\u2019hui les opportunit\u00e9s que nous aidons les traders \u00e0 explorer.<\/p>\n<h2>Des ressources pour d\u00e9ployer tout votre potentiel<\/h2>\n<p>L\u2019\u00e9ducation est au c\u0153ur de Crypto RX Index. Nous consid\u00e9rons la connaissance comme le v\u00e9ritable actif du trader\u202f; c\u2019est pourquoi nous avons \u00e9labor\u00e9 une biblioth\u00e8que structur\u00e9e de modules clairs et accessibles, qui vous accompagnent \u00e0 chaque \u00e9tape de votre parcours de trading\u202f:<\/p>\n<p><strong>Fondamentaux des cryptos :<\/strong> Comprenez la technologie blockchain, les tokens et le fonctionnement des cryptomonnaies.<\/p>\n<p><strong>Analyse technique :<\/strong> Apprenez \u00e0 lire les graphiques de march\u00e9, \u00e0 identifier les tendances et \u00e0 utiliser les indicateurs pour guider vos op\u00e9rations.<\/p>\n<p><strong>Strat\u00e9gies de trading :<\/strong> D\u00e9couvrez des m\u00e9thodologies \u00e9prouv\u00e9es pour \u00e9voluer efficacement sur le march\u00e9 des cryptos.<\/p>\n<p><strong>Gestion des risques :<\/strong> Prot\u00e9gez votre capital gr\u00e2ce \u00e0 des approches adapt\u00e9es \u00e0 la volatilit\u00e9 et \u00e0 l\u2019incertitude.<\/p>\n<p>Ces modules permettent aux d\u00e9butants de consolider leurs bases et aux traders exp\u00e9riment\u00e9s d\u2019affiner leur expertise.<\/p>\n<h2>La force de la communaut\u00e9<\/h2>\n<p>Chez Crypto RX Index, nous sommes convaincus que la progression s\u2019acc\u00e9l\u00e8re quand on avance ensemble. C\u2019est pourquoi nous avons b\u00e2ti une communaut\u00e9 forte, o\u00f9 les membres partagent leurs strat\u00e9gies, \u00e9changent leurs id\u00e9es et s\u2019entraident au quotidien. Notre \u00e9quipe d\u2019experts s\u2019implique \u00e9galement au sein de la communaut\u00e9, r\u00e9pondant aux questions, apportant des analyses et accompagnant les traders \u00e0 chaque \u00e9tape de leur \u00e9volution.<\/p>\n<h2>\u00c9laborer votre strat\u00e9gie gagnante<\/h2>\n<p>Ce n\u2019est pas seulement ce que vous savez qui compte, mais la fa\u00e7on dont vous l\u2019appliquez. Crypto RX Index vous aide \u00e0 transformer vos connaissances en actions concr\u00e8tes gr\u00e2ce \u00e0 des outils performants, des mises \u00e0 jour r\u00e9guli\u00e8res et des ressources pratiques. Voici comment\u202f:<\/p>\n<p><strong>Restez inform\u00e9 :<\/strong> Acc\u00e9dez aux derni\u00e8res analyses de march\u00e9 et \u00e0 l\u2019actualit\u00e9 du secteur crypto.<\/p>\n<p><strong>G\u00e9rez les risques :<\/strong> Apprenez \u00e0 concilier potentiel de gain et gestion prudente des risques.<\/p>\n<p><strong>Diversifiez votre portefeuille :<\/strong> R\u00e9partissez vos investissements sur plusieurs cryptomonnaies.<\/p>\n<p><strong>Explorez des techniques avanc\u00e9es :<\/strong> Profitez de tutoriels d\u00e9di\u00e9s aux strat\u00e9gies, configurations et outils de trading avanc\u00e9s.<\/p>\n<p>Nous vous accompagnons pour vous adapter aux \u00e9volutions du march\u00e9 et aiguiser votre strat\u00e9gie \u00e0 tout moment.<\/p>\n<h2>Lancez-vous d\u00e8s aujourd\u2019hui dans le trading<\/h2>\n<p>La r\u00e9ussite dans la crypto ne rel\u00e8ve pas du hasard\u202f: elle repose sur l\u2019apprentissage, la mise en pratique et la capacit\u00e9 \u00e0 \u00e9voluer. Chez Crypto RX Index, nous vous soutenons d\u00e8s le premier jour gr\u00e2ce aux connaissances, aux outils et aux conseils dont vous avez besoin. Rejoignez-nous d\u00e8s aujourd\u2019hui\u202f: faites le premier pas vers un trading plus avis\u00e9 et plus s\u00fbr de vous.<\/p>\n","protected":false},"excerpt":{"rendered":"<p>Crypto RX Index est une plateforme de trading de cryptomonnaies ax\u00e9e sur la technologie, con\u00e7ue par une \u00e9quipe de d\u00e9veloppeurs blockchain, d\u2019analystes financiers et de sp\u00e9cialistes du support, tous engag\u00e9s \u00e0 simplifier l\u2019acc\u00e8s des utilisateurs aux march\u00e9s d\u2019actifs num\u00e9riques. Notre ambition est de rendre le trading de cryptomonnaies plus structur\u00e9, accessible et facile \u00e0 g\u00e9rer [&hellip;]<\/p>\n","protected":false},"author":2,"featured_media":0,"parent":0,"menu_order":0,"comment_status":"closed","ping_status":"closed","template":"page-about.php","meta":{"footnotes":""},"class_list":["post-1143","page","type-page","status-publish","hentry"],"yoast_head":"<!-- This site is optimized with the Yoast SEO plugin v25.6 - https:\/\/yoast.com\/wordpress\/plugins\/seo\/ -->\n<title>Crypto RX Index \u2122 | Offici\u00eble website 2026 | Claim nu!<\/title>\n<meta name=\"robots\" content=\"index, follow, max-snippet:-1, max-image-preview:large, max-video-preview:-1\" \/>\n<meta property=\"og:locale\" content=\"fr_FR\" \/>\n<meta property=\"og:site_name\" content=\"Crypto RX Index\" \/>\n<meta property=\"article:modified_time\" content=\"2026-05-08T20:09:35+00:00\" \/>\n<meta name=\"twitter:card\" content=\"summary_large_image\" \/>\n<meta name=\"twitter:label1\" content=\"Dur\u00e9e de lecture estim\u00e9e\" \/>\n\t<meta name=\"twitter:data1\" content=\"4 minutes\" \/>\n<!-- \/ Yoast SEO plugin. -->","yoast_head_json":{"title":"Crypto RX Index \u2122 | Offici\u00eble website 2026 | Claim nu!","robots":{"index":"index","follow":"follow","max-snippet":"max-snippet:-1","max-image-preview":"max-image-preview:large","max-video-preview":"max-video-preview:-1"},"og_locale":"fr_FR","og_site_name":"Crypto RX Index","article_modified_time":"2026-05-08T20:09:35+00:00","twitter_card":"summary_large_image","twitter_misc":{"Dur\u00e9e de lecture estim\u00e9e":"4 minutes"},"schema":{"@context":"https:\/\/schema.org","@graph":[{"@type":"WebPage","@id":"https:\/\/cryptorxindex.com\/about-us\/","url":"https:\/\/cryptorxindex.com\/about-us\/","name":"\u00c0 propos de [XYZ] - Crypto RX Index","isPartOf":{"@id":"https:\/\/cryptorxindex.com\/#website"},"datePublished":"2023-06-21T11:29:38+00:00","dateModified":"2026-05-08T20:09:35+00:00","description":"Crypto RX Index is built to make crypto trading more structured and informed with education, real-time insights, and practical trading tools.","breadcrumb":{"@id":"https:\/\/cryptorxindex.com\/about-us\/#breadcrumb"},"inLanguage":"fr-FR","potentialAction":[{"@type":"ReadAction","target":["https:\/\/cryptorxindex.com\/about-us\/"]}]},{"@type":"BreadcrumbList","@id":"https:\/\/cryptorxindex.com\/about-us\/#breadcrumb","itemListElement":[{"@type":"ListItem","position":1,"name":"Home","item":"https:\/\/cryptorxindex.com\/"},{"@type":"ListItem","position":2,"name":"\u00c0 propos de [XYZ]"}]},{"@type":"WebSite","@id":"https:\/\/cryptorxindex.com\/#website","url":"https:\/\/cryptorxindex.com\/","name":"Easy Edge Index","description":"Master Trading, Maximize Earnings [2025]","potentialAction":[{"@type":"SearchAction","target":{"@type":"EntryPoint","urlTemplate":"https:\/\/cryptorxindex.com\/?s={search_term_string}"},"query-input":{"@type":"PropertyValueSpecification","valueRequired":true,"valueName":"search_term_string"}}],"inLanguage":"fr-FR"}]}},"_links":{"self":[{"href":"https:\/\/cryptorxindex.com\/fr\/wp-json\/wp\/v2\/pages\/1143","targetHints":{"allow":["GET"]}}],"collection":[{"href":"https:\/\/cryptorxindex.com\/fr\/wp-json\/wp\/v2\/pages"}],"about":[{"href":"https:\/\/cryptorxindex.com\/fr\/wp-json\/wp\/v2\/types\/page"}],"author":[{"embeddable":true,"href":"https:\/\/cryptorxindex.com\/fr\/wp-json\/wp\/v2\/users\/2"}],"replies":[{"embeddable":true,"href":"https:\/\/cryptorxindex.com\/fr\/wp-json\/wp\/v2\/comments?post=1143"}],"version-history":[{"count":1,"href":"https:\/\/cryptorxindex.com\/fr\/wp-json\/wp\/v2\/pages\/1143\/revisions"}],"predecessor-version":[{"id":1156,"href":"https:\/\/cryptorxindex.com\/fr\/wp-json\/wp\/v2\/pages\/1143\/revisions\/1156"}],"wp:attachment":[{"href":"https:\/\/cryptorxindex.com\/fr\/wp-json\/wp\/v2\/media?parent=1143"}],"curies":[{"name":"wp","href":"https:\/\/api.w.org\/{rel}","templated":true}]}}