{"id":1167,"date":"2023-06-21T11:29:38","date_gmt":"2023-06-21T11:29:38","guid":{"rendered":"https:\/\/cryptorxindex.com\/contact-us\/"},"modified":"2026-05-08T20:17:13","modified_gmt":"2026-05-08T20:17:13","slug":"contact-us","status":"publish","type":"page","link":"https:\/\/cryptorxindex.com\/fr\/contact-us\/","title":{"rendered":""},"content":{"rendered":"<h1>Contactez Crypto RX Index<\/h1>\n<p>Besoin d\u2019aide ou avez-vous des questions ? Notre \u00e9quipe est pr\u00eate \u00e0 vous assister. Voici comment nous contacter :<br \/>\nInformations de contact<br \/>\nDemandes professionnelles :<br \/>\nPour les partenariats, les questions des m\u00e9dias ou toute autre affaire professionnelle :<br \/>\nbusiness@cryptorxindex.com<br \/>\nSupport client :<br \/>\nPour toute demande d\u2019assistance ou question g\u00e9n\u00e9rale :<br \/>\nsupport@cryptorxindex.com<\/p>\n","protected":false},"excerpt":{"rendered":"<p>Contactez Crypto RX Index Besoin d\u2019aide ou avez-vous des questions ? Notre \u00e9quipe est pr\u00eate \u00e0 vous assister. Voici comment nous contacter : Informations de contact Demandes professionnelles : Pour les partenariats, les questions des m\u00e9dias ou toute autre affaire professionnelle : business@cryptorxindex.com Support client : Pour toute demande d\u2019assistance ou question g\u00e9n\u00e9rale : support@cryptorxindex.com<\/p>\n","protected":false},"author":2,"featured_media":0,"parent":0,"menu_order":0,"comment_status":"closed","ping_status":"closed","template":"page-contact.php","meta":{"footnotes":""},"class_list":["post-1167","page","type-page","status-publish","hentry"],"yoast_head":"<!-- This site is optimized with the Yoast SEO plugin v25.6 - https:\/\/yoast.com\/wordpress\/plugins\/seo\/ -->\n<title>Crypto RX Index \u2122 | Offici\u00eble website 2026 | Claim nu!<\/title>\n<meta name=\"robots\" content=\"noindex, follow\" \/>\n<meta property=\"og:locale\" content=\"fr_FR\" \/>\n<meta property=\"og:site_name\" content=\"Crypto RX Index\" \/>\n<meta property=\"article:modified_time\" content=\"2026-05-08T20:17:13+00:00\" \/>\n<meta name=\"twitter:card\" content=\"summary_large_image\" \/>\n<meta name=\"twitter:label1\" content=\"Dur\u00e9e de lecture estim\u00e9e\" \/>\n\t<meta name=\"twitter:data1\" content=\"1 minute\" \/>\n<!-- \/ Yoast SEO plugin. -->","yoast_head_json":{"title":"Crypto RX Index \u2122 | Offici\u00eble website 2026 | Claim nu!","robots":{"index":"noindex","follow":"follow"},"og_locale":"fr_FR","og_site_name":"Crypto RX Index","article_modified_time":"2026-05-08T20:17:13+00:00","twitter_card":"summary_large_image","twitter_misc":{"Dur\u00e9e de lecture estim\u00e9e":"1 minute"},"schema":{"@context":"https:\/\/schema.org","@graph":[{"@type":"WebPage","@id":"https:\/\/cryptorxindex.com\/fr\/contact-us\/","url":"https:\/\/cryptorxindex.com\/fr\/contact-us\/","name":"- Crypto RX Index","isPartOf":{"@id":"https:\/\/cryptorxindex.com\/#website"},"datePublished":"2023-06-21T11:29:38+00:00","dateModified":"2026-05-08T20:17:13+00:00","description":"Get in touch with Crypto RX Index for customer support, business inquiries, or platform assistance. Our team is ready to help you.","inLanguage":"fr-FR","potentialAction":[{"@type":"ReadAction","target":["https:\/\/cryptorxindex.com\/fr\/contact-us\/"]}]},{"@type":"WebSite","@id":"https:\/\/cryptorxindex.com\/#website","url":"https:\/\/cryptorxindex.com\/","name":"Easy Edge Index","description":"Master Trading, Maximize Earnings [2025]","potentialAction":[{"@type":"SearchAction","target":{"@type":"EntryPoint","urlTemplate":"https:\/\/cryptorxindex.com\/?s={search_term_string}"},"query-input":{"@type":"PropertyValueSpecification","valueRequired":true,"valueName":"search_term_string"}}],"inLanguage":"fr-FR"}]}},"_links":{"self":[{"href":"https:\/\/cryptorxindex.com\/fr\/wp-json\/wp\/v2\/pages\/1167","targetHints":{"allow":["GET"]}}],"collection":[{"href":"https:\/\/cryptorxindex.com\/fr\/wp-json\/wp\/v2\/pages"}],"about":[{"href":"https:\/\/cryptorxindex.com\/fr\/wp-json\/wp\/v2\/types\/page"}],"author":[{"embeddable":true,"href":"https:\/\/cryptorxindex.com\/fr\/wp-json\/wp\/v2\/users\/2"}],"replies":[{"embeddable":true,"href":"https:\/\/cryptorxindex.com\/fr\/wp-json\/wp\/v2\/comments?post=1167"}],"version-history":[{"count":2,"href":"https:\/\/cryptorxindex.com\/fr\/wp-json\/wp\/v2\/pages\/1167\/revisions"}],"predecessor-version":[{"id":1191,"href":"https:\/\/cryptorxindex.com\/fr\/wp-json\/wp\/v2\/pages\/1167\/revisions\/1191"}],"wp:attachment":[{"href":"https:\/\/cryptorxindex.com\/fr\/wp-json\/wp\/v2\/media?parent=1167"}],"curies":[{"name":"wp","href":"https:\/\/api.w.org\/{rel}","templated":true}]}}