{"id":1139,"date":"2023-06-21T11:29:38","date_gmt":"2023-06-21T11:29:38","guid":{"rendered":"https:\/\/cryptorxindex.com\/about-us\/"},"modified":"2026-05-08T20:09:41","modified_gmt":"2026-05-08T20:09:41","slug":"about-us","status":"publish","type":"page","link":"https:\/\/cryptorxindex.com\/hr\/about-us\/","title":{"rendered":"O [XYZ]"},"content":{"rendered":"<p>Crypto RX Index je tehnolo\u0161ki napredna platforma za trgovanje kriptovalutama, razvijena od strane tima blockchain developera, tr\u017ei\u0161nih analiti\u010dara i stru\u010dnjaka za podr\u0161ku, s ciljem pojednostavljivanja na\u010dina na koji korisnici pristupaju tr\u017ei\u0161tima digitalne imovine.<\/p>\n<p>Na\u0161 cilj je u\u010diniti trgovanje kriptovalutama strukturiranijim, pristupa\u010dnijim i lak\u0161im za upravljanje, zahvaljuju\u0107i automatizaciji i alatima temeljenim na podacima.<\/p>\n<h2>Na\u0161a vizija<\/h2>\n<p>Crypto RX Index je osnovan od strane strastvenog tima trgovaca, poduzetnika, zaljubljenika u blockchain i financijskih stru\u010dnjaka koji su uo\u010dili prazninu na tr\u017ei\u0161tu: nedostatak jasne i primjenjive edukacije za kripto trgovce. S desetlje\u0107em zajedni\u010dkog iskustva u trgovanju, financijama i edukaciji, izgradili smo Crypto RX Index kao intuitivnu, sigurnu i edukativno usmjerenu platformu. Na\u0161 cilj je pojednostaviti trgovanje i osna\u017eiti korisnike da sa samopouzdanjem donose pametnije odluke na tr\u017ei\u0161tu.<\/p>\n<h2>Povijest kriptovaluta<\/h2>\n<p>Pri\u010da o kriptovalutama zapo\u010dinje s Bitcoinom, koji je 2009. godine lansirao tajanstveni Satoshi Nakamoto. Dizajniran kao decentralizirana, peer-to-peer digitalna valuta, Bitcoin je donio novu eru financijske neovisnosti, transparentnosti i sigurnosti. Postavio je temelje za dana\u0161nji golemi ekosustav imovine pokretane blockchainom.<\/p>\n<p>S vremenom su se pojavile i druge kriptovalute; Ethereum je predstavio pametne ugovore i decentralizirane aplikacije (dApps), dok su altcoini poput Litecoina, Ripplea (XRP) i Cardana dodatno pro\u0161irili mogu\u0107nosti blockchain tehnologije. Ta bogata evolucija stvara prilike koje danas poma\u017eemo trgovcima istra\u017eiti.<\/p>\n<h2>Edukativni resursi za maksimalno iskori\u0161tavanje va\u0161eg potencijala<\/h2>\n<p>Edukacija je temelj Crypto RX Index-a. Vjerujemo da je znanje najvrednija imovina svakog trgovca, stoga smo kreirali kompletnu biblioteku strukturiranih, lako razumljivih modula koji vas prate kroz svaki korak va\u0161eg trgova\u010dkog puta:<\/p>\n<p><strong>Osnove kriptovaluta:<\/strong> Saznajte kako funkcionira blockchain tehnologija, tokeni i kriptovalute.<\/p>\n<p><strong>Tehni\u010dka analiza:<\/strong> Nau\u010dite \u010ditati tr\u017ei\u0161ne grafikone, prepoznati uzorke i koristiti indikatore za dono\u0161enje trgova\u010dkih odluka.<\/p>\n<p><strong>Trgova\u010dke strategije:<\/strong> Otkrijte provjerene pristupe za uspje\u0161no snala\u017eenje na kripto tr\u017ei\u0161tu.<\/p>\n<p><strong>Upravljanje rizikom:<\/strong> Za\u0161titite svoj kapital strategijama za upravljanje volatilno\u0161\u0107u i neizvjesno\u0161\u0107u.<\/p>\n<p>Ovi moduli osmi\u0161ljeni su kako bi po\u010detnicima osigurali \u010dvrste temelje, a iskusnim trgovcima omogu\u0107ili dodatno usavr\u0161avanje.<\/p>\n<h2>Snaga zajednice<\/h2>\n<p>U Crypto RX Index-u znamo da je napredak br\u017ei kad rastemo zajedno. Zbog toga smo izgradili sna\u017enu trgova\u010dku zajednicu u kojoj \u010dlanovi dijele strategije, razmjenjuju ideje i me\u0111usobno se podr\u017eavaju. Na\u0161 stru\u010dni tim tako\u0111er je aktivan u zajednici \u2013 odgovara na upite, dijeli uvide i vodi trgovce kroz sve faze njihova razvoja.<\/p>\n<h2>Kreiranje pobjedni\u010dke strategije<\/h2>\n<p>Nije bitno samo \u0161to znate, ve\u0107 kako to znanje primjenjujete. Crypto RX Index vam poma\u017ee pretvoriti trgova\u010dko znanje u praksu, koriste\u0107i konkretne alate, pravovremene informacije i prakti\u010dne resurse. Evo kako:<\/p>\n<p><strong>Budite informirani:<\/strong> Pristupite najnovijim tr\u017ei\u0161nim analizama i najva\u017enijim vijestima iz svijeta kriptovaluta.<\/p>\n<p><strong>Upravljajte rizikom:<\/strong> Nau\u010dite kako izbalansirati potencijalnu zaradu s pa\u017eljivo kalkuliranim rizicima.<\/p>\n<p><strong>Diverzificirajte portfelj:<\/strong> Raspr\u0161ite svoja ulaganja kroz vi\u0161e kriptovaluta.<\/p>\n<p><strong>Istra\u017eite napredne tehnike:<\/strong> Otkrijte vodi\u010de za napredne trgova\u010dke postavke, strategije i alate.<\/p>\n<p>Pomo\u0107i \u0107emo vam da se prilagodite promjenama na tr\u017ei\u0161tu i stalno usavr\u0161avate svoju strategiju.<\/p>\n<h2>Zapo\u010dnite svoje trgova\u010dko putovanje ve\u0107 danas<\/h2>\n<p>Uspjeh u svijetu kriptovaluta ne temelji se na sre\u0107i, ve\u0107 na u\u010denju, primjeni i stalnom razvoju. U Crypto RX Index-u smo tu da vas podr\u017eimo od prvog dana znanjem, alatima i savjetima koji su vam potrebni. Pridru\u017eite nam se danas i napravite prvi korak prema pametnijem i sigurnijem trgovanju.<\/p>\n","protected":false},"excerpt":{"rendered":"<p>Crypto RX Index je tehnolo\u0161ki napredna platforma za trgovanje kriptovalutama, razvijena od strane tima blockchain developera, tr\u017ei\u0161nih analiti\u010dara i stru\u010dnjaka za podr\u0161ku, s ciljem pojednostavljivanja na\u010dina na koji korisnici pristupaju tr\u017ei\u0161tima digitalne imovine. Na\u0161 cilj je u\u010diniti trgovanje kriptovalutama strukturiranijim, pristupa\u010dnijim i lak\u0161im za upravljanje, zahvaljuju\u0107i automatizaciji i alatima temeljenim na podacima. Na\u0161a vizija je [&hellip;]<\/p>\n","protected":false},"author":2,"featured_media":0,"parent":0,"menu_order":0,"comment_status":"closed","ping_status":"closed","template":"page-about.php","meta":{"footnotes":""},"class_list":["post-1139","page","type-page","status-publish","hentry"],"yoast_head":"<!-- This site is optimized with the Yoast SEO plugin v25.6 - https:\/\/yoast.com\/wordpress\/plugins\/seo\/ -->\n<title>Crypto RX Index \u2122 | Offici\u00eble website 2026 | Claim nu!<\/title>\n<meta name=\"robots\" content=\"index, follow, max-snippet:-1, max-image-preview:large, max-video-preview:-1\" \/>\n<meta property=\"og:locale\" content=\"hr_HR\" \/>\n<meta property=\"og:site_name\" content=\"Crypto RX Index\" \/>\n<meta property=\"article:modified_time\" content=\"2026-05-08T20:09:41+00:00\" \/>\n<meta name=\"twitter:card\" content=\"summary_large_image\" \/>\n<meta name=\"twitter:label1\" content=\"Procijenjeno vrijeme \u010ditanja\" \/>\n\t<meta name=\"twitter:data1\" content=\"3 minute\" \/>\n<!-- \/ Yoast SEO plugin. -->","yoast_head_json":{"title":"Crypto RX Index \u2122 | Offici\u00eble website 2026 | Claim nu!","robots":{"index":"index","follow":"follow","max-snippet":"max-snippet:-1","max-image-preview":"max-image-preview:large","max-video-preview":"max-video-preview:-1"},"og_locale":"hr_HR","og_site_name":"Crypto RX Index","article_modified_time":"2026-05-08T20:09:41+00:00","twitter_card":"summary_large_image","twitter_misc":{"Procijenjeno vrijeme \u010ditanja":"3 minute"},"schema":{"@context":"https:\/\/schema.org","@graph":[{"@type":"WebPage","@id":"https:\/\/cryptorxindex.com\/about-us\/","url":"https:\/\/cryptorxindex.com\/about-us\/","name":"O [XYZ] - Crypto RX Index","isPartOf":{"@id":"https:\/\/cryptorxindex.com\/#website"},"datePublished":"2023-06-21T11:29:38+00:00","dateModified":"2026-05-08T20:09:41+00:00","description":"Crypto RX Index is built to make crypto trading more structured and informed with education, real-time insights, and practical trading tools.","breadcrumb":{"@id":"https:\/\/cryptorxindex.com\/about-us\/#breadcrumb"},"inLanguage":"hr","potentialAction":[{"@type":"ReadAction","target":["https:\/\/cryptorxindex.com\/about-us\/"]}]},{"@type":"BreadcrumbList","@id":"https:\/\/cryptorxindex.com\/about-us\/#breadcrumb","itemListElement":[{"@type":"ListItem","position":1,"name":"Home","item":"https:\/\/cryptorxindex.com\/"},{"@type":"ListItem","position":2,"name":"O [XYZ]"}]},{"@type":"WebSite","@id":"https:\/\/cryptorxindex.com\/#website","url":"https:\/\/cryptorxindex.com\/","name":"Easy Edge Index","description":"Master Trading, Maximize Earnings [2025]","potentialAction":[{"@type":"SearchAction","target":{"@type":"EntryPoint","urlTemplate":"https:\/\/cryptorxindex.com\/?s={search_term_string}"},"query-input":{"@type":"PropertyValueSpecification","valueRequired":true,"valueName":"search_term_string"}}],"inLanguage":"hr"}]}},"_links":{"self":[{"href":"https:\/\/cryptorxindex.com\/hr\/wp-json\/wp\/v2\/pages\/1139","targetHints":{"allow":["GET"]}}],"collection":[{"href":"https:\/\/cryptorxindex.com\/hr\/wp-json\/wp\/v2\/pages"}],"about":[{"href":"https:\/\/cryptorxindex.com\/hr\/wp-json\/wp\/v2\/types\/page"}],"author":[{"embeddable":true,"href":"https:\/\/cryptorxindex.com\/hr\/wp-json\/wp\/v2\/users\/2"}],"replies":[{"embeddable":true,"href":"https:\/\/cryptorxindex.com\/hr\/wp-json\/wp\/v2\/comments?post=1139"}],"version-history":[{"count":1,"href":"https:\/\/cryptorxindex.com\/hr\/wp-json\/wp\/v2\/pages\/1139\/revisions"}],"predecessor-version":[{"id":1157,"href":"https:\/\/cryptorxindex.com\/hr\/wp-json\/wp\/v2\/pages\/1139\/revisions\/1157"}],"wp:attachment":[{"href":"https:\/\/cryptorxindex.com\/hr\/wp-json\/wp\/v2\/media?parent=1139"}],"curies":[{"name":"wp","href":"https:\/\/api.w.org\/{rel}","templated":true}]}}