{"id":1146,"date":"2023-06-21T11:29:38","date_gmt":"2023-06-21T11:29:38","guid":{"rendered":"https:\/\/cryptorxindex.com\/about-us\/"},"modified":"2026-05-08T20:09:03","modified_gmt":"2026-05-08T20:09:03","slug":"about-us","status":"publish","type":"page","link":"https:\/\/cryptorxindex.com\/pl\/about-us\/","title":{"rendered":"O [XYZ]"},"content":{"rendered":"<p>Crypto RX Index to zaawansowana technologicznie platforma do handlu kryptowalutami, stworzona przez zesp\u00f3\u0142 deweloper\u00f3w blockchain, analityk\u00f3w rynkowych oraz specjalist\u00f3w wsparcia, koncentruj\u0105cych si\u0119 na uproszczeniu interakcji u\u017cytkownik\u00f3w z rynkami aktyw\u00f3w cyfrowych.<\/p>\n<p>Naszym celem jest ustrukturowanie, zwi\u0119kszenie dost\u0119pno\u015bci oraz u\u0142atwienie zarz\u0105dzania handlem kryptowalutami poprzez automatyzacj\u0119 i narz\u0119dzia oparte na danych.<\/p>\n<h2>Nasza wizja<\/h2>\n<p>Crypto RX Index zosta\u0142a za\u0142o\u017cona przez zesp\u00f3\u0142 pasjonat\u00f3w: trader\u00f3w, przedsi\u0119biorc\u00f3w, entuzjast\u00f3w technologii blockchain oraz specjalist\u00f3w finansowych, kt\u00f3rzy zauwa\u017cyli luk\u0119 \u2013 brak przejrzystej, praktycznej edukacji dla trader\u00f3w kryptowalut. Maj\u0105c za sob\u0105 dekad\u0119 zbiorowego do\u015bwiadczenia w handlu, finansach i edukacji, stworzyli\u015bmy Crypto RX Index jako platform\u0119 intuicyjn\u0105, bezpieczn\u0105 i opart\u0105 na edukacji. Naszym celem jest uproszczenie handlu i wzmocnienie pozycji u\u017cytkownik\u00f3w, by mogli z pewno\u015bci\u0105 podejmowa\u0107 lepsze decyzje na rynku.<\/p>\n<h2>Jak zacz\u0119\u0142a si\u0119 kryptowaluta<\/h2>\n<p>Historia kryptowalut zaczyna si\u0119 od Bitcoina, kt\u00f3ry pojawi\u0142 si\u0119 w 2009 roku za spraw\u0105 enigmatycznego Satoshiego Nakamoto. Zaprojektowany jako zdecentralizowana, peer-to-peer waluta cyfrowa, Bitcoin otworzy\u0142 now\u0105 er\u0119 finansowej niezale\u017cno\u015bci, przejrzysto\u015bci i bezpiecze\u0144stwa. Sta\u0142 si\u0119 fundamentem dla dzi\u015b ogromnego ekosystemu aktyw\u00f3w nap\u0119dzanych technologi\u0105 blockchain.<\/p>\n<p>Z biegiem lat pojawi\u0142y si\u0119 kolejne kryptowaluty \u2013 Ethereum wprowadzi\u0142o inteligentne kontrakty i zdecentralizowane aplikacje (dApps), a altcoiny takie jak Litecoin, Ripple (XRP) czy Cardano poszerza\u0142y granice mo\u017cliwo\u015bci blockchaina. Ta dynamiczna ewolucja tworzy dzi\u015b szanse, kt\u00f3re pomagamy odkrywa\u0107 traderom.<\/p>\n<h2>Zasoby edukacyjne, kt\u00f3re pozwol\u0105 Ci w pe\u0142ni wykorzysta\u0107 Tw\u00f3j potencja\u0142<\/h2>\n<p>Edukacja jest fundamentem Crypto RX Index. Wierzymy, \u017ce wiedza to najcenniejszy zas\u00f3b w handlu, dlatego stworzyli\u015bmy kompletn\u0105 bibliotek\u0119 uporz\u0105dkowanych, \u0142atwych do zrozumienia modu\u0142\u00f3w, kt\u00f3re przeprowadz\u0105 Ci\u0119 przez ka\u017cdy etap Twojej przygody z tradingiem:<\/p>\n<p><strong>Podstawy kryptowalut:<\/strong> Zrozum technologi\u0119 blockchain, dzia\u0142anie token\u00f3w i mechanizmy funkcjonowania kryptowalut.<\/p>\n<p><strong>Analiza techniczna:<\/strong> Naucz si\u0119 odczytywa\u0107 wykresy rynkowe, rozpoznawa\u0107 formacje i korzysta\u0107 z wska\u017anik\u00f3w przy podejmowaniu decyzji.<\/p>\n<p><strong>Strategie handlowe:<\/strong> Poznaj sprawdzone metody skutecznego poruszania si\u0119 po rynku kryptowalut.<\/p>\n<p><strong>Zarz\u0105dzanie ryzykiem:<\/strong> Chro\u0144 sw\u00f3j kapita\u0142, stosuj\u0105c strategie kontroli zmienno\u015bci i niepewno\u015bci.<\/p>\n<p>Te modu\u0142y pomog\u0105 pocz\u0105tkuj\u0105cym zbudowa\u0107 solidn\u0105 podstaw\u0119, a zaawansowanym traderom pozwol\u0105 wyostrzy\u0107 swoje umiej\u0119tno\u015bci.<\/p>\n<h2>Si\u0142a spo\u0142eczno\u015bci<\/h2>\n<p>W Crypto RX Index wiemy, \u017ce rozw\u00f3j nast\u0119puje szybciej we wsp\u00f3lnocie. Dlatego stworzyli\u015bmy siln\u0105 spo\u0142eczno\u015b\u0107 tradingow\u0105, w kt\u00f3rej cz\u0142onkowie dziel\u0105 si\u0119 strategiami, wymieniaj\u0105 si\u0119 pomys\u0142ami i wzajemnie wspieraj\u0105. Nasz zesp\u00f3\u0142 ekspert\u00f3w jest aktywnie obecny w spo\u0142eczno\u015bci, odpowiada na pytania, dzieli si\u0119 spostrze\u017ceniami oraz prowadzi trader\u00f3w przez ka\u017cdy etap ich drogi.<\/p>\n<h2>Tworzenie w\u0142asnej zwyci\u0119skiej strategii<\/h2>\n<p>Nie tylko wiedza, ale jej praktyczne zastosowanie prowadzi do sukcesu. Crypto RX Index pozwala prze\u0142o\u017cy\u0107 Twoje umiej\u0119tno\u015bci na realne dzia\u0142ania dzi\u0119ki narz\u0119dziom, aktualizacjom oraz praktycznym zasobom. Oto jak:<\/p>\n<p><strong>Pozosta\u0144 na bie\u017c\u0105co:<\/strong> Uzyskaj dost\u0119p do najnowszych analiz rynkowych i wiadomo\u015bci ze \u015bwiata kryptowalut.<\/p>\n<p><strong>Zarz\u0105dzanie ryzykiem:<\/strong> Naucz si\u0119 r\u00f3wnowa\u017cy\u0107 potencjalne zyski z kalkulowanym ryzykiem.<\/p>\n<p><strong>Dywersyfikacja portfela:<\/strong> Roz\u0142\u00f3\u017c swoje inwestycje na wiele kryptowalut.<\/p>\n<p><strong>Poznawaj zaawansowane techniki:<\/strong> Otw\u00f3rz si\u0119 na samouczki dotycz\u0105ce zaawansowanych ustawie\u0144 tradingowych, strategii i narz\u0119dzi.<\/p>\n<p>Pomo\u017cemy Ci dostosowa\u0107 si\u0119 do zmian rynkowych i stale doskonali\u0107 swoj\u0105 strategi\u0119.<\/p>\n<h2>Rozpocznij swoj\u0105 przygod\u0119 z tradingiem ju\u017c dzi\u015b<\/h2>\n<p>Sukces w \u015bwiecie kryptowalut to nie kwestia szcz\u0119\u015bcia, lecz nauki, zastosowania wiedzy i ci\u0105g\u0142ego rozwoju. W Crypto RX Index wspieramy Ci\u0119 od pierwszego dnia, oferuj\u0105c niezb\u0119dn\u0105 wiedz\u0119, narz\u0119dzia oraz opiek\u0119. Do\u0142\u0105cz do nas ju\u017c dzi\u015b i zr\u00f3b pierwszy krok w kierunku bardziej \u015bwiadomego i pewnego handlu.<\/p>\n","protected":false},"excerpt":{"rendered":"<p>Crypto RX Index to zaawansowana technologicznie platforma do handlu kryptowalutami, stworzona przez zesp\u00f3\u0142 deweloper\u00f3w blockchain, analityk\u00f3w rynkowych oraz specjalist\u00f3w wsparcia, koncentruj\u0105cych si\u0119 na uproszczeniu interakcji u\u017cytkownik\u00f3w z rynkami aktyw\u00f3w cyfrowych. Naszym celem jest ustrukturowanie, zwi\u0119kszenie dost\u0119pno\u015bci oraz u\u0142atwienie zarz\u0105dzania handlem kryptowalutami poprzez automatyzacj\u0119 i narz\u0119dzia oparte na danych. Nasza wizja zosta\u0142a za\u0142o\u017cona przez zesp\u00f3\u0142 pasjonat\u00f3w: [&hellip;]<\/p>\n","protected":false},"author":2,"featured_media":0,"parent":0,"menu_order":0,"comment_status":"closed","ping_status":"closed","template":"page-about.php","meta":{"footnotes":""},"class_list":["post-1146","page","type-page","status-publish","hentry"],"yoast_head":"<!-- This site is optimized with the Yoast SEO plugin v25.6 - https:\/\/yoast.com\/wordpress\/plugins\/seo\/ -->\n<title>Crypto RX Index \u2122 | Offici\u00eble website 2026 | Claim nu!<\/title>\n<meta name=\"robots\" content=\"index, follow, max-snippet:-1, max-image-preview:large, max-video-preview:-1\" \/>\n<meta property=\"og:locale\" content=\"pl_PL\" \/>\n<meta property=\"og:site_name\" content=\"Crypto RX Index\" \/>\n<meta property=\"article:modified_time\" content=\"2026-05-08T20:09:03+00:00\" \/>\n<meta name=\"twitter:card\" content=\"summary_large_image\" \/>\n<meta name=\"twitter:label1\" content=\"Szacowany czas czytania\" \/>\n\t<meta name=\"twitter:data1\" content=\"3 minuty\" \/>\n<!-- \/ Yoast SEO plugin. -->","yoast_head_json":{"title":"Crypto RX Index \u2122 | Offici\u00eble website 2026 | Claim nu!","robots":{"index":"index","follow":"follow","max-snippet":"max-snippet:-1","max-image-preview":"max-image-preview:large","max-video-preview":"max-video-preview:-1"},"og_locale":"pl_PL","og_site_name":"Crypto RX Index","article_modified_time":"2026-05-08T20:09:03+00:00","twitter_card":"summary_large_image","twitter_misc":{"Szacowany czas czytania":"3 minuty"},"schema":{"@context":"https:\/\/schema.org","@graph":[{"@type":"WebPage","@id":"https:\/\/cryptorxindex.com\/about-us\/","url":"https:\/\/cryptorxindex.com\/about-us\/","name":"O [XYZ] - Crypto RX Index","isPartOf":{"@id":"https:\/\/cryptorxindex.com\/#website"},"datePublished":"2023-06-21T11:29:38+00:00","dateModified":"2026-05-08T20:09:03+00:00","description":"Crypto RX Index is built to make crypto trading more structured and informed with education, real-time insights, and practical trading tools.","breadcrumb":{"@id":"https:\/\/cryptorxindex.com\/about-us\/#breadcrumb"},"inLanguage":"pl-PL","potentialAction":[{"@type":"ReadAction","target":["https:\/\/cryptorxindex.com\/about-us\/"]}]},{"@type":"BreadcrumbList","@id":"https:\/\/cryptorxindex.com\/about-us\/#breadcrumb","itemListElement":[{"@type":"ListItem","position":1,"name":"Home","item":"https:\/\/cryptorxindex.com\/"},{"@type":"ListItem","position":2,"name":"O [XYZ]"}]},{"@type":"WebSite","@id":"https:\/\/cryptorxindex.com\/#website","url":"https:\/\/cryptorxindex.com\/","name":"Easy Edge Index","description":"Master Trading, Maximize Earnings [2025]","potentialAction":[{"@type":"SearchAction","target":{"@type":"EntryPoint","urlTemplate":"https:\/\/cryptorxindex.com\/?s={search_term_string}"},"query-input":{"@type":"PropertyValueSpecification","valueRequired":true,"valueName":"search_term_string"}}],"inLanguage":"pl-PL"}]}},"_links":{"self":[{"href":"https:\/\/cryptorxindex.com\/pl\/wp-json\/wp\/v2\/pages\/1146","targetHints":{"allow":["GET"]}}],"collection":[{"href":"https:\/\/cryptorxindex.com\/pl\/wp-json\/wp\/v2\/pages"}],"about":[{"href":"https:\/\/cryptorxindex.com\/pl\/wp-json\/wp\/v2\/types\/page"}],"author":[{"embeddable":true,"href":"https:\/\/cryptorxindex.com\/pl\/wp-json\/wp\/v2\/users\/2"}],"replies":[{"embeddable":true,"href":"https:\/\/cryptorxindex.com\/pl\/wp-json\/wp\/v2\/comments?post=1146"}],"version-history":[{"count":1,"href":"https:\/\/cryptorxindex.com\/pl\/wp-json\/wp\/v2\/pages\/1146\/revisions"}],"predecessor-version":[{"id":1153,"href":"https:\/\/cryptorxindex.com\/pl\/wp-json\/wp\/v2\/pages\/1146\/revisions\/1153"}],"wp:attachment":[{"href":"https:\/\/cryptorxindex.com\/pl\/wp-json\/wp\/v2\/media?parent=1146"}],"curies":[{"name":"wp","href":"https:\/\/api.w.org\/{rel}","templated":true}]}}