{"id":1170,"date":"2023-06-21T11:29:38","date_gmt":"2023-06-21T11:29:38","guid":{"rendered":"https:\/\/cryptorxindex.com\/contact-us\/"},"modified":"2026-05-08T20:18:01","modified_gmt":"2026-05-08T20:18:01","slug":"contact-us","status":"publish","type":"page","link":"https:\/\/cryptorxindex.com\/pl\/contact-us\/","title":{"rendered":""},"content":{"rendered":"<h1>Kontakt Crypto RX Index<\/h1>\n<p>Potrzebujesz pomocy lub masz pytania? Nasz zesp\u00f3\u0142 jest gotowy, aby Ci pom\u00f3c. Oto jak mo\u017cesz si\u0119 z nami skontaktowa\u0107:<br \/>\nInformacje kontaktowe<br \/>\nZapytania biznesowe:<br \/>\nW sprawie partnerstw, pyta\u0144 medialnych lub innych kwestii biznesowych:<br \/>\nbusiness@cryptorxindex.com<br \/>\nObs\u0142uga klienta:<br \/>\nW przypadku pyta\u0144 lub potrzeby pomocy:<br \/>\nsupport@cryptorxindex.com<\/p>\n","protected":false},"excerpt":{"rendered":"<p>Kontakt Crypto RX Index Potrzebujesz pomocy lub masz pytania? Nasz zesp\u00f3\u0142 jest gotowy, aby Ci pom\u00f3c. Oto jak mo\u017cesz si\u0119 z nami skontaktowa\u0107: Informacje kontaktowe Zapytania biznesowe: W sprawie partnerstw, pyta\u0144 medialnych lub innych kwestii biznesowych: business@cryptorxindex.com Obs\u0142uga klienta: W przypadku pyta\u0144 lub potrzeby pomocy: support@cryptorxindex.com<\/p>\n","protected":false},"author":2,"featured_media":0,"parent":0,"menu_order":0,"comment_status":"closed","ping_status":"closed","template":"page-contact.php","meta":{"footnotes":""},"class_list":["post-1170","page","type-page","status-publish","hentry"],"yoast_head":"<!-- This site is optimized with the Yoast SEO plugin v25.6 - https:\/\/yoast.com\/wordpress\/plugins\/seo\/ -->\n<title>Crypto RX Index \u2122 | Offici\u00eble website 2026 | Claim nu!<\/title>\n<meta name=\"robots\" content=\"noindex, follow\" \/>\n<meta property=\"og:locale\" content=\"pl_PL\" \/>\n<meta property=\"og:site_name\" content=\"Crypto RX Index\" \/>\n<meta property=\"article:modified_time\" content=\"2026-05-08T20:18:01+00:00\" \/>\n<meta name=\"twitter:card\" content=\"summary_large_image\" \/>\n<meta name=\"twitter:label1\" content=\"Szacowany czas czytania\" \/>\n\t<meta name=\"twitter:data1\" content=\"1 minuta\" \/>\n<!-- \/ Yoast SEO plugin. -->","yoast_head_json":{"title":"Crypto RX Index \u2122 | Offici\u00eble website 2026 | Claim nu!","robots":{"index":"noindex","follow":"follow"},"og_locale":"pl_PL","og_site_name":"Crypto RX Index","article_modified_time":"2026-05-08T20:18:01+00:00","twitter_card":"summary_large_image","twitter_misc":{"Szacowany czas czytania":"1 minuta"},"schema":{"@context":"https:\/\/schema.org","@graph":[{"@type":"WebPage","@id":"https:\/\/cryptorxindex.com\/pl\/contact-us\/","url":"https:\/\/cryptorxindex.com\/pl\/contact-us\/","name":"- Crypto RX Index","isPartOf":{"@id":"https:\/\/cryptorxindex.com\/#website"},"datePublished":"2023-06-21T11:29:38+00:00","dateModified":"2026-05-08T20:18:01+00:00","description":"Get in touch with Crypto RX Index for customer support, business inquiries, or platform assistance. Our team is ready to help you.","inLanguage":"pl-PL","potentialAction":[{"@type":"ReadAction","target":["https:\/\/cryptorxindex.com\/pl\/contact-us\/"]}]},{"@type":"WebSite","@id":"https:\/\/cryptorxindex.com\/#website","url":"https:\/\/cryptorxindex.com\/","name":"Easy Edge Index","description":"Master Trading, Maximize Earnings [2025]","potentialAction":[{"@type":"SearchAction","target":{"@type":"EntryPoint","urlTemplate":"https:\/\/cryptorxindex.com\/?s={search_term_string}"},"query-input":{"@type":"PropertyValueSpecification","valueRequired":true,"valueName":"search_term_string"}}],"inLanguage":"pl-PL"}]}},"_links":{"self":[{"href":"https:\/\/cryptorxindex.com\/pl\/wp-json\/wp\/v2\/pages\/1170","targetHints":{"allow":["GET"]}}],"collection":[{"href":"https:\/\/cryptorxindex.com\/pl\/wp-json\/wp\/v2\/pages"}],"about":[{"href":"https:\/\/cryptorxindex.com\/pl\/wp-json\/wp\/v2\/types\/page"}],"author":[{"embeddable":true,"href":"https:\/\/cryptorxindex.com\/pl\/wp-json\/wp\/v2\/users\/2"}],"replies":[{"embeddable":true,"href":"https:\/\/cryptorxindex.com\/pl\/wp-json\/wp\/v2\/comments?post=1170"}],"version-history":[{"count":2,"href":"https:\/\/cryptorxindex.com\/pl\/wp-json\/wp\/v2\/pages\/1170\/revisions"}],"predecessor-version":[{"id":1194,"href":"https:\/\/cryptorxindex.com\/pl\/wp-json\/wp\/v2\/pages\/1170\/revisions\/1194"}],"wp:attachment":[{"href":"https:\/\/cryptorxindex.com\/pl\/wp-json\/wp\/v2\/media?parent=1170"}],"curies":[{"name":"wp","href":"https:\/\/api.w.org\/{rel}","templated":true}]}}