{"id":1149,"date":"2023-06-21T11:29:38","date_gmt":"2023-06-21T11:29:38","guid":{"rendered":"https:\/\/cryptorxindex.com\/about-us\/"},"modified":"2026-05-08T20:09:27","modified_gmt":"2026-05-08T20:09:27","slug":"about-us","status":"publish","type":"page","link":"https:\/\/cryptorxindex.com\/sv\/about-us\/","title":{"rendered":"Om [XYZ]"},"content":{"rendered":"<p>Crypto RX Index \u00e4r en teknikdriven kryptohandelsplattform utvecklad av ett team best\u00e5ende av blockkedjeutvecklare, marknadsanalytiker och supportexperter med fokus p\u00e5 att f\u00f6renkla anv\u00e4ndarens interaktion med digitala tillg\u00e5ngsmarknader.<\/p>\n<p>V\u00e5rt m\u00e5l \u00e4r att g\u00f6ra handel med kryptovalutor mer strukturerad, l\u00e4ttillg\u00e4nglig och hanterbar genom automatisering samt datadrivna verktyg.<\/p>\n<h2>V\u00e5r vision<\/h2>\n<p>Crypto RX Index grundades av ett engagerat team med handlare, entrepren\u00f6rer, blockkedjeentusiaster och finansproffs som identifierade ett tydligt behov: avsaknaden av tydlig och handlingskraftig utbildning f\u00f6r kryptohandlare. Med ett decennium av samlad erfarenhet inom handel, finans och utbildning skapade vi Crypto RX Index f\u00f6r att vara intuitiv, s\u00e4ker och pedagogiskt utformad. V\u00e5rt m\u00e5l \u00e4r att f\u00f6renkla handeln och ge anv\u00e4ndarna sj\u00e4lvf\u00f6rtroende att fatta smartare beslut p\u00e5 marknaden.<\/p>\n<h2>Hur kryptovalutor b\u00f6rjade<\/h2>\n<p>Kryptovalutans historia inleddes med Bitcoin, som lanserades 2009 av den mystiske Satoshi Nakamoto. Bitcoin var utformad som en decentraliserad, peer-to-peer digital valuta och banade v\u00e4g f\u00f6r en ny era av finansiellt oberoende, transparens och s\u00e4kerhet. Den lade grunden f\u00f6r det som idag \u00e4r ett omfattande ekosystem av tillg\u00e5ngar drivna av blockkedjeteknik.<\/p>\n<p>Med tiden har andra kryptovalutor tillkommit. Ethereum introducerade smarta kontrakt och decentraliserade applikationer (dApps), medan altcoins som Litecoin, Ripple (XRP) och Cardano breddade m\u00f6jligheterna f\u00f6r vad blockkedjetekniken kan \u00e5stadkomma. Denna dynamiska utveckling skapar de m\u00f6jligheter vi idag hj\u00e4lper handlare att utforska.<\/p>\n<h2>Utbildningsresurser som maximerar din potential<\/h2>\n<p>Utbildning \u00e4r sj\u00e4lva k\u00e4rnan i Crypto RX Index. Vi \u00e4r \u00f6vertygade om att kunskap \u00e4r den mest v\u00e4rdefulla tillg\u00e5ngen f\u00f6r handlare. D\u00e4rf\u00f6r har vi skapat ett komplett bibliotek av strukturerade, l\u00e4ttillg\u00e4ngliga moduler som v\u00e4gleder dig genom varje steg av din handelsresa:<\/p>\n<p><strong>Grundl\u00e4ggande om krypto:<\/strong> F\u00f6rst\u00e5 blockkedjeteknik, tokens och hur kryptovalutor fungerar.<\/p>\n<p><strong>Teknisk analys:<\/strong> L\u00e4r dig tolka marknadsdiagram, identifiera m\u00f6nster och anv\u00e4nda indikatorer f\u00f6r att styra dina aff\u00e4rer.<\/p>\n<p><strong>Handelsstrategier:<\/strong> Uppt\u00e4ck v\u00e4lbepr\u00f6vade metoder f\u00f6r att navigera effektivt p\u00e5 kryptomarknaden.<\/p>\n<p><strong>Riskhantering:<\/strong> Skydda ditt kapital med strategier f\u00f6r att hantera volatilitet och os\u00e4kerhet.<\/p>\n<p>Dessa moduler \u00e4r utformade f\u00f6r att ge nyb\u00f6rjare en solid grund och samtidigt l\u00e5ta erfarna handlare f\u00f6rfina sina f\u00e4rdigheter.<\/p>\n<h2>Gemenskapens styrka<\/h2>\n<p>P\u00e5 Crypto RX Index vet vi att utveckling sker snabbare tillsammans. D\u00e4rf\u00f6r har vi byggt upp en stark handelsgemenskap d\u00e4r medlemmar delar strategier, utbyter id\u00e9er och st\u00f6ttar varandra. \u00c4ven v\u00e5rt expertteam \u00e4r aktivt i gemenskapen, svarar p\u00e5 fr\u00e5gor, delar insikter och v\u00e4gleder handlare genom alla faser av deras utveckling.<\/p>\n<h2>Bygg din vinnande strategi<\/h2>\n<p>Det handlar inte bara om vad du vet, utan hur du oms\u00e4tter det i praktiken. Crypto RX Index hj\u00e4lper dig anv\u00e4nda dina kunskaper i handeln med konkreta verktyg, aktuella uppdateringar och praktiska resurser. S\u00e5 h\u00e4r:<\/p>\n<p><strong>H\u00e5ll dig uppdaterad:<\/strong> F\u00e5 tillg\u00e5ng till de senaste marknadsinsikterna och de viktigaste kryptonyheterna.<\/p>\n<p><strong>Hantera risk:<\/strong> L\u00e4r dig balansera potentiell avkastning mot genomt\u00e4nkta risker.<\/p>\n<p><strong>Diversifiera din portf\u00f6lj:<\/strong> Sprid dina investeringar \u00f6ver flera kryptovalutor.<\/p>\n<p><strong>Utforska avancerade tekniker:<\/strong> Ta del av handledningar kring avancerade handelsuppl\u00e4gg, strategier och verktyg.<\/p>\n<p>Vi hj\u00e4lper dig anpassa dig till marknadens r\u00f6relser och h\u00e5ller din strategi vass.<\/p>\n<h2>B\u00f6rja din handelsresa redan idag<\/h2>\n<p>Framg\u00e5ng inom krypto handlar inte om tur, utan om att st\u00e4ndigt l\u00e4ra, till\u00e4mpa och utvecklas. P\u00e5 Crypto RX Index finns vi h\u00e4r f\u00f6r att st\u00f6dja dig fr\u00e5n dag ett \u2013 med kunskap, verktyg och v\u00e4gledning. Anslut dig till oss idag och ta ditt f\u00f6rsta steg mot smartare och mer sj\u00e4lvs\u00e4ker handel.<\/p>\n","protected":false},"excerpt":{"rendered":"<p>Crypto RX Index \u00e4r en teknikdriven kryptohandelsplattform utvecklad av ett team best\u00e5ende av blockkedjeutvecklare, marknadsanalytiker och supportexperter med fokus p\u00e5 att f\u00f6renkla anv\u00e4ndarens interaktion med digitala tillg\u00e5ngsmarknader. V\u00e5rt m\u00e5l \u00e4r att g\u00f6ra handel med kryptovalutor mer strukturerad, l\u00e4ttillg\u00e4nglig och hanterbar genom automatisering samt datadrivna verktyg. V\u00e5r vision grundades av ett engagerat team med handlare, entrepren\u00f6rer, [&hellip;]<\/p>\n","protected":false},"author":2,"featured_media":0,"parent":0,"menu_order":0,"comment_status":"closed","ping_status":"closed","template":"page-about.php","meta":{"footnotes":""},"class_list":["post-1149","page","type-page","status-publish","hentry"],"yoast_head":"<!-- This site is optimized with the Yoast SEO plugin v25.6 - https:\/\/yoast.com\/wordpress\/plugins\/seo\/ -->\n<title>Crypto RX Index \u2122 | Offici\u00eble website 2026 | Claim nu!<\/title>\n<meta name=\"robots\" content=\"index, follow, max-snippet:-1, max-image-preview:large, max-video-preview:-1\" \/>\n<meta property=\"og:locale\" content=\"sv_SE\" \/>\n<meta property=\"og:site_name\" content=\"Crypto RX Index\" \/>\n<meta property=\"article:modified_time\" content=\"2026-05-08T20:09:27+00:00\" \/>\n<meta name=\"twitter:card\" content=\"summary_large_image\" \/>\n<meta name=\"twitter:label1\" content=\"Ber\u00e4knad l\u00e4stid\" \/>\n\t<meta name=\"twitter:data1\" content=\"3 minuter\" \/>\n<!-- \/ Yoast SEO plugin. -->","yoast_head_json":{"title":"Crypto RX Index \u2122 | Offici\u00eble website 2026 | Claim nu!","robots":{"index":"index","follow":"follow","max-snippet":"max-snippet:-1","max-image-preview":"max-image-preview:large","max-video-preview":"max-video-preview:-1"},"og_locale":"sv_SE","og_site_name":"Crypto RX Index","article_modified_time":"2026-05-08T20:09:27+00:00","twitter_card":"summary_large_image","twitter_misc":{"Ber\u00e4knad l\u00e4stid":"3 minuter"},"schema":{"@context":"https:\/\/schema.org","@graph":[{"@type":"WebPage","@id":"https:\/\/cryptorxindex.com\/about-us\/","url":"https:\/\/cryptorxindex.com\/about-us\/","name":"Om [XYZ] - Crypto RX Index","isPartOf":{"@id":"https:\/\/cryptorxindex.com\/#website"},"datePublished":"2023-06-21T11:29:38+00:00","dateModified":"2026-05-08T20:09:27+00:00","description":"Crypto RX Index is built to make crypto trading more structured and informed with education, real-time insights, and practical trading tools.","breadcrumb":{"@id":"https:\/\/cryptorxindex.com\/about-us\/#breadcrumb"},"inLanguage":"sv-SE","potentialAction":[{"@type":"ReadAction","target":["https:\/\/cryptorxindex.com\/about-us\/"]}]},{"@type":"BreadcrumbList","@id":"https:\/\/cryptorxindex.com\/about-us\/#breadcrumb","itemListElement":[{"@type":"ListItem","position":1,"name":"Home","item":"https:\/\/cryptorxindex.com\/"},{"@type":"ListItem","position":2,"name":"Om [XYZ]"}]},{"@type":"WebSite","@id":"https:\/\/cryptorxindex.com\/#website","url":"https:\/\/cryptorxindex.com\/","name":"Easy Edge Index","description":"Master Trading, Maximize Earnings [2025]","potentialAction":[{"@type":"SearchAction","target":{"@type":"EntryPoint","urlTemplate":"https:\/\/cryptorxindex.com\/?s={search_term_string}"},"query-input":{"@type":"PropertyValueSpecification","valueRequired":true,"valueName":"search_term_string"}}],"inLanguage":"sv-SE"}]}},"_links":{"self":[{"href":"https:\/\/cryptorxindex.com\/sv\/wp-json\/wp\/v2\/pages\/1149","targetHints":{"allow":["GET"]}}],"collection":[{"href":"https:\/\/cryptorxindex.com\/sv\/wp-json\/wp\/v2\/pages"}],"about":[{"href":"https:\/\/cryptorxindex.com\/sv\/wp-json\/wp\/v2\/types\/page"}],"author":[{"embeddable":true,"href":"https:\/\/cryptorxindex.com\/sv\/wp-json\/wp\/v2\/users\/2"}],"replies":[{"embeddable":true,"href":"https:\/\/cryptorxindex.com\/sv\/wp-json\/wp\/v2\/comments?post=1149"}],"version-history":[{"count":1,"href":"https:\/\/cryptorxindex.com\/sv\/wp-json\/wp\/v2\/pages\/1149\/revisions"}],"predecessor-version":[{"id":1155,"href":"https:\/\/cryptorxindex.com\/sv\/wp-json\/wp\/v2\/pages\/1149\/revisions\/1155"}],"wp:attachment":[{"href":"https:\/\/cryptorxindex.com\/sv\/wp-json\/wp\/v2\/media?parent=1149"}],"curies":[{"name":"wp","href":"https:\/\/api.w.org\/{rel}","templated":true}]}}